{"id":7,"date":"2024-06-14T15:15:08","date_gmt":"2024-06-14T15:15:08","guid":{"rendered":"https:\/\/jcomercializadora.sistematise.com\/?page_id=7"},"modified":"2024-06-17T16:18:50","modified_gmt":"2024-06-17T22:18:50","slug":"home","status":"publish","type":"page","link":"https:\/\/jcomercializadora.sistematise.com\/","title":{"rendered":"Home"},"content":{"rendered":"\n<div class=\"wp-block-cover alignfull\" style=\"min-height:305px;aspect-ratio:unset;\"><span aria-hidden=\"true\" class=\"wp-block-cover__background has-background-dim\"><\/span><img fetchpriority=\"high\" decoding=\"async\" width=\"720\" height=\"405\" class=\"wp-block-cover__image-background wp-image-65\" alt=\"\" src=\"https:\/\/jcomercializadora.sistematise.com\/wp-content\/uploads\/2024\/06\/Lista-de-Existencias-11-de-Junio_001.png\" data-object-fit=\"cover\" srcset=\"https:\/\/jcomercializadora.sistematise.com\/wp-content\/uploads\/2024\/06\/Lista-de-Existencias-11-de-Junio_001.png 720w, https:\/\/jcomercializadora.sistematise.com\/wp-content\/uploads\/2024\/06\/Lista-de-Existencias-11-de-Junio_001-600x338.png 600w, https:\/\/jcomercializadora.sistematise.com\/wp-content\/uploads\/2024\/06\/Lista-de-Existencias-11-de-Junio_001-300x169.png 300w\" sizes=\"(max-width: 720px) 100vw, 720px\" \/><div class=\"wp-block-cover__inner-container is-layout-flow wp-block-cover-is-layout-flow\">\n<p class=\"has-text-align-right has-large-font-size\"><img decoding=\"async\" width=\"150\" height=\"106\" class=\"wp-image-191\" style=\"width: 150px;\" src=\"https:\/\/jcomercializadora.sistematise.com\/wp-content\/uploads\/2024\/06\/LOGO-JC2.png\" alt=\"\" srcset=\"https:\/\/jcomercializadora.sistematise.com\/wp-content\/uploads\/2024\/06\/LOGO-JC2.png 330w, https:\/\/jcomercializadora.sistematise.com\/wp-content\/uploads\/2024\/06\/LOGO-JC2-10x7.png 10w, https:\/\/jcomercializadora.sistematise.com\/wp-content\/uploads\/2024\/06\/LOGO-JC2-300x213.png 300w\" sizes=\"(max-width: 150px) 100vw, 150px\" \/><\/p>\n<\/div><\/div>\n\n\n\n<div data-block-name=\"woocommerce\/single-product\" data-product-id=\"163\" data-wp-context=\"{&quot;productId&quot;:163,&quot;variationId&quot;:null}\" data-wp-interactive=\"woocommerce\/single-product\" class=\"wp-block-woocommerce-single-product\">\n<div class=\"wp-block-columns is-layout-flex wp-container-core-columns-is-layout-9d6595d7 wp-block-columns-is-layout-flex\">\n<div class=\"wp-block-column is-layout-flow wp-block-column-is-layout-flow\">\n<div class=\"wp-block-group\"><div class=\"wp-block-group__inner-container is-layout-constrained wp-block-group-is-layout-constrained\"><div class=\"wp-block-image\">\n<figure class=\"aligncenter size-full is-resized\"><img decoding=\"async\" width=\"135\" height=\"171\" src=\"https:\/\/jcomercializadora.sistematise.com\/wp-content\/uploads\/2024\/06\/Contracanasta-para-tarja.png\" alt=\"\" class=\"wp-image-164\" style=\"width:188px;height:auto\" srcset=\"https:\/\/jcomercializadora.sistematise.com\/wp-content\/uploads\/2024\/06\/Contracanasta-para-tarja.png 135w, https:\/\/jcomercializadora.sistematise.com\/wp-content\/uploads\/2024\/06\/Contracanasta-para-tarja-10x13.png 10w\" sizes=\"(max-width: 135px) 100vw, 135px\" \/><\/figure>\n<\/div><\/div><\/div>\n<\/div>\n\n\n\n<div class=\"wp-block-column is-layout-flow wp-block-column-is-layout-flow\"><h2 class=\"wp-block-post-title\"><a href=\"https:\/\/jcomercializadora.sistematise.com\/index.php\/producto\/contracanasta-para-tarja\/\" target=\"_self\" >Contracanasta para tarja<\/a><\/h2>\n\n\n\n<div data-block-name=\"woocommerce\/product-price\" data-is-descendent-of-single-product-block=\"true\" class=\"wp-block-woocommerce-product-price\" ><div class=\"wc-block-components-product-price wc-block-grid__product-price\" >\n\t\t\t\t\t<span class=\"woocommerce-Price-amount amount\"><bdi><span class=\"woocommerce-Price-currencySymbol\">&#36;<\/span>31.00<\/bdi><\/span>\n\t\t\t\t<\/div><\/div>\n\n<div class=\"wp-block-post-excerpt\"><p class=\"wp-block-post-excerpt__excerpt\">Detalles: Cuerpo abs, tuercas abs, casquillo abs, rejilla acero inoxidable Codigo: 70010 <\/p><\/div>\n\n<div data-block-name=\"woocommerce\/add-to-cart-form\" data-is-descendent-of-single-product-block=\"true\" class=\"wp-block-add-to-cart-form wc-block-add-to-cart-form wc-block-add-to-cart-form--input wp-block-woocommerce-add-to-cart-form\" >\n\t\n\t<form class=\"cart\" action=\"https:\/\/jcomercializadora.sistematise.com\/index.php\/producto\/contracanasta-para-tarja\/\" method=\"post\" enctype='multipart\/form-data'>\n\t\t\n\t\t<div class=\"quantity\">\n\t\t<label class=\"screen-reader-text\" for=\"quantity_69e4b4d43a084\">Contracanasta para tarja cantidad<\/label>\n\t<input\n\t\ttype=\"number\"\n\t\t\t\tid=\"quantity_69e4b4d43a084\"\n\t\tclass=\"input-text qty text\"\n\t\tname=\"quantity\"\n\t\tvalue=\"1\"\n\t\taria-label=\"Cantidad de productos\"\n\t\t\t\tmin=\"1\"\n\t\t\t\t\t\t\tstep=\"1\"\n\t\t\tplaceholder=\"\"\n\t\t\tinputmode=\"numeric\"\n\t\t\tautocomplete=\"off\"\n\t\t\t\/>\n\t<\/div>\n\n\t\t<button type=\"submit\" name=\"add-to-cart\" value=\"163\" class=\"single_add_to_cart_button button alt\">\n\t\t\t<span class=\"button-label\">\n\t\t\t\tA\u00f1adir al carrito\t\t\t<\/span>\n\t\t<\/button>\n\n\t\t\t<\/form>\n\n\t\n<\/div>\n\n\n<div data-block-name=\"woocommerce\/product-meta\" class=\"wp-block-woocommerce-product-meta\">\n<div class=\"wp-block-group is-nowrap is-layout-flex wp-container-core-group-is-layout-ad2f72ca wp-block-group-is-layout-flex\"><div data-block-name=\"woocommerce\/product-sku\" class=\"wc-block-components-product-sku wc-block-grid__product-sku wp-block-woocommerce-product-sku product_meta wp-block-post-terms \" style=\"\">\n\t\t\t\t<span class=\"wp-block-post-terms__prefix\">SKU:<\/span>\n\t\t\t\t<span class=\"sku\" >70010<\/span>\n\t\t\t\t\n\t\t\t<\/div>\n\n<div class=\"taxonomy-product_cat wp-block-post-terms\"><span class=\"wp-block-post-terms__prefix\">Categor\u00eda: <\/span><a href=\"https:\/\/jcomercializadora.sistematise.com\/index.php\/categoria-producto\/accesorios-para-bano\/\" rel=\"tag\">ACCESORIOS PARA BA\u00d1O<\/a><\/div>\n\n<div class=\"taxonomy-product_tag wp-block-post-terms\"><span class=\"wp-block-post-terms__prefix\">Etiquetas: <\/span><a href=\"https:\/\/jcomercializadora.sistematise.com\/index.php\/etiqueta-producto\/accesorios-para-bano\/\" rel=\"tag\">accesorios para ba\u00f1o<\/a><\/div><\/div>\n<\/div>\n<\/div>\n<\/div>\n<\/div>\n\n\n\n<div class=\"wp-block-group\"><div class=\"wp-block-group__inner-container is-layout-constrained wp-block-group-is-layout-constrained\">\n<div data-block-name=\"woocommerce\/single-product\" data-product-id=\"184\" data-wp-context=\"{&quot;productId&quot;:184,&quot;variationId&quot;:null}\" data-wp-interactive=\"woocommerce\/single-product\" class=\"wp-block-woocommerce-single-product\">\n<div class=\"wp-block-columns is-layout-flex wp-container-core-columns-is-layout-9d6595d7 wp-block-columns-is-layout-flex\">\n<div class=\"wp-block-column is-layout-flow wp-block-column-is-layout-flow\"><div class=\"wp-block-image\">\n<figure class=\"aligncenter size-full is-resized\"><img loading=\"lazy\" decoding=\"async\" width=\"240\" height=\"175\" src=\"https:\/\/jcomercializadora.sistematise.com\/wp-content\/uploads\/2024\/06\/Mezcladora-para-fregadero-500201.png\" alt=\"\" class=\"wp-image-185\" style=\"width:340px;height:auto\" srcset=\"https:\/\/jcomercializadora.sistematise.com\/wp-content\/uploads\/2024\/06\/Mezcladora-para-fregadero-500201.png 240w, https:\/\/jcomercializadora.sistematise.com\/wp-content\/uploads\/2024\/06\/Mezcladora-para-fregadero-500201-10x7.png 10w\" sizes=\"(max-width: 240px) 100vw, 240px\" \/><\/figure>\n<\/div><\/div>\n\n\n\n<div class=\"wp-block-column is-layout-flow wp-block-column-is-layout-flow\"><h2 class=\"wp-block-post-title\"><a href=\"https:\/\/jcomercializadora.sistematise.com\/index.php\/producto\/mezcladora-para-fregadero-500201\/\" target=\"_self\" >Mezcladora para fregadero 500201<\/a><\/h2>\n\n\n\n<div data-block-name=\"woocommerce\/product-price\" data-is-descendent-of-single-product-block=\"true\" class=\"wp-block-woocommerce-product-price\" ><div class=\"wc-block-components-product-price wc-block-grid__product-price\" >\n\t\t\t\t\t<del aria-hidden=\"true\"><span class=\"woocommerce-Price-amount amount\"><bdi><span class=\"woocommerce-Price-currencySymbol\">&#36;<\/span>200.00<\/bdi><\/span><\/del> <span class=\"screen-reader-text\">El precio original era: &#036;200.00.<\/span><ins aria-hidden=\"true\"><span class=\"woocommerce-Price-amount amount\"><bdi><span class=\"woocommerce-Price-currencySymbol\">&#36;<\/span>164.00<\/bdi><\/span><\/ins><span class=\"screen-reader-text\">El precio actual es: &#036;164.00.<\/span>\n\t\t\t\t<\/div><\/div>\n\n<div class=\"wp-block-post-excerpt\"><p class=\"wp-block-post-excerpt__excerpt\">Marca: FONTHY Detalles: Cuerpo de Acero Inox , cuello met\u00e1lico, charola y maneral ABS, acabado cromo . Cierre compresi\u00f3n vta completa C\u00f3digo: 500201 <\/p><\/div>\n\n<div data-block-name=\"woocommerce\/add-to-cart-form\" data-is-descendent-of-single-product-block=\"true\" class=\"wp-block-add-to-cart-form wc-block-add-to-cart-form wc-block-add-to-cart-form--input wp-block-woocommerce-add-to-cart-form\" >\n\t\n\t<form class=\"cart\" action=\"https:\/\/jcomercializadora.sistematise.com\/index.php\/producto\/mezcladora-para-fregadero-500201\/\" method=\"post\" enctype='multipart\/form-data'>\n\t\t\n\t\t<div class=\"quantity\">\n\t\t<label class=\"screen-reader-text\" for=\"quantity_69e4b4d4430fb\">Mezcladora para fregadero 500201 cantidad<\/label>\n\t<input\n\t\ttype=\"number\"\n\t\t\t\tid=\"quantity_69e4b4d4430fb\"\n\t\tclass=\"input-text qty text\"\n\t\tname=\"quantity\"\n\t\tvalue=\"1\"\n\t\taria-label=\"Cantidad de productos\"\n\t\t\t\tmin=\"1\"\n\t\t\t\t\t\t\tstep=\"1\"\n\t\t\tplaceholder=\"\"\n\t\t\tinputmode=\"numeric\"\n\t\t\tautocomplete=\"off\"\n\t\t\t\/>\n\t<\/div>\n\n\t\t<button type=\"submit\" name=\"add-to-cart\" value=\"184\" class=\"single_add_to_cart_button button alt\">\n\t\t\t<span class=\"button-label\">\n\t\t\t\tA\u00f1adir al carrito\t\t\t<\/span>\n\t\t<\/button>\n\n\t\t\t<\/form>\n\n\t\n<\/div>\n\n\n<div data-block-name=\"woocommerce\/product-meta\" class=\"wp-block-woocommerce-product-meta\">\n<div class=\"wp-block-group is-nowrap is-layout-flex wp-container-core-group-is-layout-ad2f72ca wp-block-group-is-layout-flex\">\n\n<div class=\"taxonomy-product_cat wp-block-post-terms\"><span class=\"wp-block-post-terms__prefix\">Categor\u00eda: <\/span><a href=\"https:\/\/jcomercializadora.sistematise.com\/index.php\/categoria-producto\/mezcladora-para-fregadero\/\" rel=\"tag\">mezcladora para fregadero<\/a><\/div>\n\n<\/div>\n<\/div>\n<\/div>\n<\/div>\n<\/div>\n<\/div><\/div>\n","protected":false},"excerpt":{"rendered":"","protected":false},"author":1,"featured_media":0,"parent":0,"menu_order":0,"comment_status":"closed","ping_status":"closed","template":"","meta":{"footnotes":""},"class_list":["post-7","page","type-page","status-publish","hentry"],"_links":{"self":[{"href":"https:\/\/jcomercializadora.sistematise.com\/index.php\/wp-json\/wp\/v2\/pages\/7","targetHints":{"allow":["GET"]}}],"collection":[{"href":"https:\/\/jcomercializadora.sistematise.com\/index.php\/wp-json\/wp\/v2\/pages"}],"about":[{"href":"https:\/\/jcomercializadora.sistematise.com\/index.php\/wp-json\/wp\/v2\/types\/page"}],"author":[{"embeddable":true,"href":"https:\/\/jcomercializadora.sistematise.com\/index.php\/wp-json\/wp\/v2\/users\/1"}],"replies":[{"embeddable":true,"href":"https:\/\/jcomercializadora.sistematise.com\/index.php\/wp-json\/wp\/v2\/comments?post=7"}],"version-history":[{"count":77,"href":"https:\/\/jcomercializadora.sistematise.com\/index.php\/wp-json\/wp\/v2\/pages\/7\/revisions"}],"predecessor-version":[{"id":350,"href":"https:\/\/jcomercializadora.sistematise.com\/index.php\/wp-json\/wp\/v2\/pages\/7\/revisions\/350"}],"wp:attachment":[{"href":"https:\/\/jcomercializadora.sistematise.com\/index.php\/wp-json\/wp\/v2\/media?parent=7"}],"curies":[{"name":"wp","href":"https:\/\/api.w.org\/{rel}","templated":true}]}}